{"id":19,"date":"2020-07-05T13:09:10","date_gmt":"2020-07-05T13:09:10","guid":{"rendered":"http:\/\/textadel.de\/?page_id=19"},"modified":"2021-12-04T12:16:27","modified_gmt":"2021-12-04T12:16:27","slug":"links","status":"publish","type":"page","link":"https:\/\/ulrich-wegst.de\/?page_id=19","title":{"rendered":"Links"},"content":{"rendered":"\t\t<div data-elementor-type=\"wp-page\" data-elementor-id=\"19\" class=\"elementor elementor-19\">\n\t\t\t\t\t\t\t\t\t<section class=\"elementor-section elementor-top-section elementor-element elementor-element-d0b8c5d elementor-section-full_width elementor-section-stretched elementor-section-height-default elementor-section-height-default\" data-id=\"d0b8c5d\" data-element_type=\"section\" data-settings=\"{&quot;stretch_section&quot;:&quot;section-stretched&quot;}\">\n\t\t\t\t\t\t<div class=\"elementor-container elementor-column-gap-no\">\n\t\t\t\t\t<div class=\"elementor-column elementor-col-100 elementor-top-column elementor-element elementor-element-36ea17a\" data-id=\"36ea17a\" data-element_type=\"column\">\n\t\t\t<div class=\"elementor-widget-wrap elementor-element-populated\">\n\t\t\t\t\t\t\t\t<div class=\"elementor-element elementor-element-b97e78a elementor-widget elementor-widget-text-editor\" data-id=\"b97e78a\" data-element_type=\"widget\" data-widget_type=\"text-editor.default\">\n\t\t\t\t<div class=\"elementor-widget-container\">\n\t\t\t\t\t\t\t<p>Links<\/p>\t\t\t\t\t\t<\/div>\n\t\t\t\t<\/div>\n\t\t\t\t\t<\/div>\n\t\t<\/div>\n\t\t\t\t\t\t\t<\/div>\n\t\t<\/section>\n\t\t\t\t<section class=\"elementor-section elementor-top-section elementor-element elementor-element-0e0953d elementor-section-full_width elementor-section-stretched elementor-section-height-default elementor-section-height-default\" data-id=\"0e0953d\" data-element_type=\"section\" data-settings=\"{&quot;stretch_section&quot;:&quot;section-stretched&quot;}\">\n\t\t\t\t\t\t<div class=\"elementor-container elementor-column-gap-no\">\n\t\t\t\t\t<div class=\"elementor-column elementor-col-100 elementor-top-column elementor-element elementor-element-1b959d6\" data-id=\"1b959d6\" data-element_type=\"column\">\n\t\t\t<div class=\"elementor-widget-wrap elementor-element-populated\">\n\t\t\t\t\t\t\t\t<div class=\"elementor-element elementor-element-6426461 elementor-widget elementor-widget-text-editor\" data-id=\"6426461\" data-element_type=\"widget\" data-widget_type=\"text-editor.default\">\n\t\t\t\t<div class=\"elementor-widget-container\">\n\t\t\t\t\t\t\t<p>Hier finden Sie Verkn\u00fcpfungen zu Websites Dritter (&#8222;externe Links&#8220;). Diese Websites unterliegen der Haftung der jeweiligen Betreiber. Ich habe bei der erstmaligen Verkn\u00fcpfung der externen Links die fremden Inhalte daraufhin \u00fcberpr\u00fcft, ob etwaige Rechtsverst\u00f6\u00dfe bestehen. Zu dem Zeitpunkt waren keine Rechtsverst\u00f6\u00dfe ersichtlich. Ich habe keinerlei Einfluss auf die aktuelle und zuk\u00fcnftige Gestaltung und auf die Inhalte der verkn\u00fcpften Seiten. Das Setzen von externen Links bedeutet nicht, dass ich mir die hinter dem Verweis oder Link liegenden Inhalte zu Eigen macht. Eine st\u00e4ndige Kontrolle dieser externen Links ist f\u00fcr mich ohne konkrete Hinweise auf Rechtsverst\u00f6\u00dfe nicht zumutbar. Bei Kenntnis von Rechtsverst\u00f6\u00dfen werden jedoch derartige externe Links unverz\u00fcglich gel\u00f6scht.<\/p>\t\t\t\t\t\t<\/div>\n\t\t\t\t<\/div>\n\t\t\t\t<div class=\"elementor-element elementor-element-c85aaad elementor-widget elementor-widget-text-editor\" data-id=\"c85aaad\" data-element_type=\"widget\" data-widget_type=\"text-editor.default\">\n\t\t\t\t<div class=\"elementor-widget-container\">\n\t\t\t\t\t\t\t<p>(C) Uni Freiburg &#8211; Institut f\u00fcr \u00f6ffentliches Recht<\/p>\t\t\t\t\t\t<\/div>\n\t\t\t\t<\/div>\n\t\t\t\t<div class=\"elementor-element elementor-element-0b42dc8 elementor-widget elementor-widget-wp-widget-ocean_custom_links\" data-id=\"0b42dc8\" data-element_type=\"widget\" data-widget_type=\"wp-widget-ocean_custom_links.default\">\n\t\t\t\t<div class=\"elementor-widget-container\">\n\t\t\t<ul class=\"oceanwp-custom-links\"><li><a href=\"https:\/\/www.buechner-verlag.de\/\" target=\"_self\" >B\u00fcchner Verlag<\/a><\/li><\/ul>\t\t<\/div>\n\t\t\t\t<\/div>\n\t\t\t\t<div class=\"elementor-element elementor-element-40cefca elementor-widget elementor-widget-spacer\" data-id=\"40cefca\" data-element_type=\"widget\" data-widget_type=\"spacer.default\">\n\t\t\t\t<div class=\"elementor-widget-container\">\n\t\t\t\t\t<div class=\"elementor-spacer\">\n\t\t\t<div class=\"elementor-spacer-inner\"><\/div>\n\t\t<\/div>\n\t\t\t\t<\/div>\n\t\t\t\t<\/div>\n\t\t\t\t<div class=\"elementor-element elementor-element-3c36771 elementor-widget elementor-widget-text-editor\" data-id=\"3c36771\" data-element_type=\"widget\" data-widget_type=\"text-editor.default\">\n\t\t\t\t<div class=\"elementor-widget-container\">\n\t\t\t\t\t\t\t<p><span style=\"color: #000000;\">Es gibt Zeiten, da ist es nicht immer einfach, aber ich bin da bereits seit meiner Jugend Mitglied. Im Grund ihres Herzens eine gute Partei mit einer wirklich vorzeigbaren Geschichte. Deshalb gerne einmal vorbeischauen:<\/span><\/p>\t\t\t\t\t\t<\/div>\n\t\t\t\t<\/div>\n\t\t\t\t<div class=\"elementor-element elementor-element-728da0d elementor-widget elementor-widget-wp-widget-ocean_custom_links\" data-id=\"728da0d\" data-element_type=\"widget\" data-widget_type=\"wp-widget-ocean_custom_links.default\">\n\t\t\t\t<div class=\"elementor-widget-container\">\n\t\t\t<ul class=\"oceanwp-custom-links\"><li><a href=\"https:\/\/www.spd.de\/\" target=\"_blank\" rel=\"noopener noreferrer\">SPD-Homepage<\/a><span class=\"screen-reader-text\">Opens in a new tab<\/span><\/li><\/ul>\t\t<\/div>\n\t\t\t\t<\/div>\n\t\t\t\t<div class=\"elementor-element elementor-element-31c800c elementor-widget elementor-widget-spacer\" data-id=\"31c800c\" data-element_type=\"widget\" data-widget_type=\"spacer.default\">\n\t\t\t\t<div class=\"elementor-widget-container\">\n\t\t\t\t\t<div class=\"elementor-spacer\">\n\t\t\t<div class=\"elementor-spacer-inner\"><\/div>\n\t\t<\/div>\n\t\t\t\t<\/div>\n\t\t\t\t<\/div>\n\t\t\t\t\t<\/div>\n\t\t<\/div>\n\t\t\t\t\t\t\t<\/div>\n\t\t<\/section>\n\t\t\t\t<section class=\"elementor-section elementor-top-section elementor-element elementor-element-0bfbdb4 elementor-section-full_width elementor-section-stretched elementor-section-height-default elementor-section-height-default\" data-id=\"0bfbdb4\" data-element_type=\"section\" data-settings=\"{&quot;stretch_section&quot;:&quot;section-stretched&quot;}\">\n\t\t\t\t\t\t<div class=\"elementor-container elementor-column-gap-no\">\n\t\t\t\t\t<div class=\"elementor-column elementor-col-100 elementor-top-column elementor-element elementor-element-172d3c9\" data-id=\"172d3c9\" data-element_type=\"column\">\n\t\t\t<div class=\"elementor-widget-wrap elementor-element-populated\">\n\t\t\t\t\t\t\t\t<div class=\"elementor-element elementor-element-6b7e140 elementor-widget elementor-widget-text-editor\" data-id=\"6b7e140\" data-element_type=\"widget\" data-widget_type=\"text-editor.default\">\n\t\t\t\t<div class=\"elementor-widget-container\">\n\t\t\t\t\t\t\t<p>Hier die Links zu einigen ausgew\u00e4hlten Quellen aus dem Buch:<\/p>\t\t\t\t\t\t<\/div>\n\t\t\t\t<\/div>\n\t\t\t\t<div class=\"elementor-element elementor-element-1d7c63a elementor-widget elementor-widget-text-editor\" data-id=\"1d7c63a\" data-element_type=\"widget\" data-widget_type=\"text-editor.default\">\n\t\t\t\t<div class=\"elementor-widget-container\">\n\t\t\t\t\t\t\t\t\t\t\t\t\t<\/div>\n\t\t\t\t<\/div>\n\t\t\t\t<div class=\"elementor-element elementor-element-b850ada elementor-widget elementor-widget-wp-widget-ocean_custom_links\" data-id=\"b850ada\" data-element_type=\"widget\" data-widget_type=\"wp-widget-ocean_custom_links.default\">\n\t\t\t\t<div class=\"elementor-widget-container\">\n\t\t\t<ul class=\"oceanwp-custom-links\"><li><a href=\"https:\/\/www.dw.com\/de\/warum-wir-den-klimawandel-nicht-wahrhaben-wollen\/a-17430700\" target=\"_self\" >Irene Quaile, \u201eWarum wir den Klimawandel nicht wahrhaben wollen\u201c<\/a><\/li><li><a href=\"https:\/\/www.spd-geschichtswerkstatt.de\/wiki\/Atomkraft#Zukunftshoffnung_Atomkraft\" target=\"_self\" >Ein Artikel aus der SPD-Geschichtswerkstatt \u00fcber die Zukunftshoffnungen, welche einmal mit der Atomkraft verbunden waren<\/a><\/li><li><a href=\"https:\/\/www.dw.com\/de\/geo-engineering-ist-es-eine-gute-idee-das-klima-zu-manipulieren\/a-41006377\" target=\"_self\" >Jennifer Collins, \u201eGeo-Engineering \u2013 Ist es eine gute Idee, das Klima zu manipulieren?\u201c<\/a><\/li><li><a href=\"https:\/\/www.ipcc.ch\/srccl\/\" target=\"_self\" >IPCC \u2013 Special Report \u201eClimat Change and Land\u201c<\/a><\/li><\/ul>\t\t<\/div>\n\t\t\t\t<\/div>\n\t\t\t\t\t<\/div>\n\t\t<\/div>\n\t\t\t\t\t\t\t<\/div>\n\t\t<\/section>\n\t\t\t\t<section class=\"elementor-section elementor-top-section elementor-element elementor-element-cdafd5e elementor-section-boxed elementor-section-height-default elementor-section-height-default\" data-id=\"cdafd5e\" data-element_type=\"section\">\n\t\t\t\t\t\t<div class=\"elementor-container elementor-column-gap-default\">\n\t\t\t\t\t<div class=\"elementor-column elementor-col-100 elementor-top-column elementor-element elementor-element-79a9eed\" data-id=\"79a9eed\" data-element_type=\"column\">\n\t\t\t<div class=\"elementor-widget-wrap\">\n\t\t\t\t\t\t\t\t\t<\/div>\n\t\t<\/div>\n\t\t\t\t\t\t\t<\/div>\n\t\t<\/section>\n\t\t\t\t<section class=\"elementor-section elementor-top-section elementor-element elementor-element-3d934b4 elementor-section-boxed elementor-section-height-default elementor-section-height-default\" data-id=\"3d934b4\" data-element_type=\"section\">\n\t\t\t\t\t\t<div class=\"elementor-container elementor-column-gap-default\">\n\t\t\t\t\t<div class=\"elementor-column elementor-col-100 elementor-top-column elementor-element elementor-element-4af3c9d\" data-id=\"4af3c9d\" data-element_type=\"column\">\n\t\t\t<div class=\"elementor-widget-wrap\">\n\t\t\t\t\t\t\t\t\t<\/div>\n\t\t<\/div>\n\t\t\t\t\t\t\t<\/div>\n\t\t<\/section>\n\t\t\t\t<section class=\"elementor-section elementor-top-section elementor-element elementor-element-50bda42 elementor-section-boxed elementor-section-height-default elementor-section-height-default\" data-id=\"50bda42\" data-element_type=\"section\">\n\t\t\t\t\t\t<div class=\"elementor-container elementor-column-gap-default\">\n\t\t\t\t\t<div class=\"elementor-column elementor-col-100 elementor-top-column elementor-element elementor-element-040930c\" data-id=\"040930c\" data-element_type=\"column\">\n\t\t\t<div class=\"elementor-widget-wrap\">\n\t\t\t\t\t\t\t\t\t<\/div>\n\t\t<\/div>\n\t\t\t\t\t\t\t<\/div>\n\t\t<\/section>\n\t\t\t\t<section class=\"elementor-section elementor-top-section elementor-element elementor-element-2296d8f elementor-section-boxed elementor-section-height-default elementor-section-height-default\" data-id=\"2296d8f\" data-element_type=\"section\">\n\t\t\t\t\t\t<div class=\"elementor-container elementor-column-gap-default\">\n\t\t\t\t\t<div class=\"elementor-column elementor-col-100 elementor-top-column elementor-element elementor-element-38fe5ef\" data-id=\"38fe5ef\" data-element_type=\"column\">\n\t\t\t<div class=\"elementor-widget-wrap\">\n\t\t\t\t\t\t\t\t\t<\/div>\n\t\t<\/div>\n\t\t\t\t\t\t\t<\/div>\n\t\t<\/section>\n\t\t\t\t\t\t\t<\/div>\n\t\t","protected":false},"excerpt":{"rendered":"<p>Links Hier finden Sie Verkn\u00fcpfungen zu Websites Dritter (&#8222;externe Links&#8220;). Diese Websites unterliegen der Haftung der jeweiligen Betreiber. Ich habe bei der erstmaligen Verkn\u00fcpfung der externen Links die fremden Inhalte daraufhin \u00fcberpr\u00fcft, ob etwaige Rechtsverst\u00f6\u00dfe bestehen. Zu dem Zeitpunkt waren keine Rechtsverst\u00f6\u00dfe ersichtlich. Ich habe keinerlei Einfluss auf die aktuelle und zuk\u00fcnftige Gestaltung und auf [&hellip;]<\/p>\n","protected":false},"author":1,"featured_media":0,"parent":0,"menu_order":70,"comment_status":"closed","ping_status":"closed","template":"","meta":{"footnotes":"","twitterCardType":"","cardImageID":0,"cardImage":"","cardTitle":"","cardDesc":"","cardImageAlt":"","cardPlayer":"","cardPlayerWidth":0,"cardPlayerHeight":0,"cardPlayerStream":"","cardPlayerCodec":""},"yoast_head":"<!-- This site is optimized with the Yoast SEO plugin v22.6 - https:\/\/yoast.com\/wordpress\/plugins\/seo\/ -->\n<title>Links -<\/title>\n<meta name=\"robots\" content=\"index, follow, max-snippet:-1, max-image-preview:large, max-video-preview:-1\" \/>\n<link rel=\"canonical\" href=\"https:\/\/ulrich-wegst.de\/?page_id=19\" \/>\n<meta property=\"og:locale\" content=\"de_DE\" \/>\n<meta property=\"og:type\" content=\"article\" \/>\n<meta property=\"og:title\" content=\"Links -\" \/>\n<meta property=\"og:description\" content=\"Links Hier finden Sie Verkn\u00fcpfungen zu Websites Dritter (&#8222;externe Links&#8220;). Diese Websites unterliegen der Haftung der jeweiligen Betreiber. Ich habe bei der erstmaligen Verkn\u00fcpfung der externen Links die fremden Inhalte daraufhin \u00fcberpr\u00fcft, ob etwaige Rechtsverst\u00f6\u00dfe bestehen. Zu dem Zeitpunkt waren keine Rechtsverst\u00f6\u00dfe ersichtlich. Ich habe keinerlei Einfluss auf die aktuelle und zuk\u00fcnftige Gestaltung und auf [&hellip;]\" \/>\n<meta property=\"og:url\" content=\"https:\/\/ulrich-wegst.de\/?page_id=19\" \/>\n<meta property=\"article:modified_time\" content=\"2021-12-04T12:16:27+00:00\" \/>\n<meta name=\"twitter:card\" content=\"summary_large_image\" \/>\n<meta name=\"twitter:label1\" content=\"Gesch\u00e4tzte Lesezeit\" \/>\n\t<meta name=\"twitter:data1\" content=\"1\u00a0Minute\" \/>\n<script type=\"application\/ld+json\" class=\"yoast-schema-graph\">{\"@context\":\"https:\/\/schema.org\",\"@graph\":[{\"@type\":\"WebPage\",\"@id\":\"https:\/\/ulrich-wegst.de\/?page_id=19\",\"url\":\"https:\/\/ulrich-wegst.de\/?page_id=19\",\"name\":\"Links -\",\"isPartOf\":{\"@id\":\"https:\/\/ulrich-wegst.de\/#website\"},\"datePublished\":\"2020-07-05T13:09:10+00:00\",\"dateModified\":\"2021-12-04T12:16:27+00:00\",\"breadcrumb\":{\"@id\":\"https:\/\/ulrich-wegst.de\/?page_id=19#breadcrumb\"},\"inLanguage\":\"de\",\"potentialAction\":[{\"@type\":\"ReadAction\",\"target\":[\"https:\/\/ulrich-wegst.de\/?page_id=19\"]}]},{\"@type\":\"BreadcrumbList\",\"@id\":\"https:\/\/ulrich-wegst.de\/?page_id=19#breadcrumb\",\"itemListElement\":[{\"@type\":\"ListItem\",\"position\":1,\"name\":\"Startseite\",\"item\":\"https:\/\/ulrich-wegst.de\/\"},{\"@type\":\"ListItem\",\"position\":2,\"name\":\"Links\"}]},{\"@type\":\"WebSite\",\"@id\":\"https:\/\/ulrich-wegst.de\/#website\",\"url\":\"https:\/\/ulrich-wegst.de\/\",\"name\":\"\",\"description\":\"\",\"potentialAction\":[{\"@type\":\"SearchAction\",\"target\":{\"@type\":\"EntryPoint\",\"urlTemplate\":\"https:\/\/ulrich-wegst.de\/?s={search_term_string}\"},\"query-input\":\"required name=search_term_string\"}],\"inLanguage\":\"de\"}]}<\/script>\n<!-- \/ Yoast SEO plugin. -->","yoast_head_json":{"title":"Links -","robots":{"index":"index","follow":"follow","max-snippet":"max-snippet:-1","max-image-preview":"max-image-preview:large","max-video-preview":"max-video-preview:-1"},"canonical":"https:\/\/ulrich-wegst.de\/?page_id=19","og_locale":"de_DE","og_type":"article","og_title":"Links -","og_description":"Links Hier finden Sie Verkn\u00fcpfungen zu Websites Dritter (&#8222;externe Links&#8220;). Diese Websites unterliegen der Haftung der jeweiligen Betreiber. Ich habe bei der erstmaligen Verkn\u00fcpfung der externen Links die fremden Inhalte daraufhin \u00fcberpr\u00fcft, ob etwaige Rechtsverst\u00f6\u00dfe bestehen. Zu dem Zeitpunkt waren keine Rechtsverst\u00f6\u00dfe ersichtlich. Ich habe keinerlei Einfluss auf die aktuelle und zuk\u00fcnftige Gestaltung und auf [&hellip;]","og_url":"https:\/\/ulrich-wegst.de\/?page_id=19","article_modified_time":"2021-12-04T12:16:27+00:00","twitter_card":"summary_large_image","twitter_misc":{"Gesch\u00e4tzte Lesezeit":"1\u00a0Minute"},"schema":{"@context":"https:\/\/schema.org","@graph":[{"@type":"WebPage","@id":"https:\/\/ulrich-wegst.de\/?page_id=19","url":"https:\/\/ulrich-wegst.de\/?page_id=19","name":"Links -","isPartOf":{"@id":"https:\/\/ulrich-wegst.de\/#website"},"datePublished":"2020-07-05T13:09:10+00:00","dateModified":"2021-12-04T12:16:27+00:00","breadcrumb":{"@id":"https:\/\/ulrich-wegst.de\/?page_id=19#breadcrumb"},"inLanguage":"de","potentialAction":[{"@type":"ReadAction","target":["https:\/\/ulrich-wegst.de\/?page_id=19"]}]},{"@type":"BreadcrumbList","@id":"https:\/\/ulrich-wegst.de\/?page_id=19#breadcrumb","itemListElement":[{"@type":"ListItem","position":1,"name":"Startseite","item":"https:\/\/ulrich-wegst.de\/"},{"@type":"ListItem","position":2,"name":"Links"}]},{"@type":"WebSite","@id":"https:\/\/ulrich-wegst.de\/#website","url":"https:\/\/ulrich-wegst.de\/","name":"","description":"","potentialAction":[{"@type":"SearchAction","target":{"@type":"EntryPoint","urlTemplate":"https:\/\/ulrich-wegst.de\/?s={search_term_string}"},"query-input":"required name=search_term_string"}],"inLanguage":"de"}]}},"_links":{"self":[{"href":"https:\/\/ulrich-wegst.de\/index.php?rest_route=\/wp\/v2\/pages\/19"}],"collection":[{"href":"https:\/\/ulrich-wegst.de\/index.php?rest_route=\/wp\/v2\/pages"}],"about":[{"href":"https:\/\/ulrich-wegst.de\/index.php?rest_route=\/wp\/v2\/types\/page"}],"author":[{"embeddable":true,"href":"https:\/\/ulrich-wegst.de\/index.php?rest_route=\/wp\/v2\/users\/1"}],"replies":[{"embeddable":true,"href":"https:\/\/ulrich-wegst.de\/index.php?rest_route=%2Fwp%2Fv2%2Fcomments&post=19"}],"version-history":[{"count":61,"href":"https:\/\/ulrich-wegst.de\/index.php?rest_route=\/wp\/v2\/pages\/19\/revisions"}],"predecessor-version":[{"id":1741,"href":"https:\/\/ulrich-wegst.de\/index.php?rest_route=\/wp\/v2\/pages\/19\/revisions\/1741"}],"wp:attachment":[{"href":"https:\/\/ulrich-wegst.de\/index.php?rest_route=%2Fwp%2Fv2%2Fmedia&parent=19"}],"curies":[{"name":"wp","href":"https:\/\/api.w.org\/{rel}","templated":true}]}}