{"id":32,"date":"2020-07-05T13:17:41","date_gmt":"2020-07-05T13:17:41","guid":{"rendered":"http:\/\/textadel.de\/?page_id=32"},"modified":"2022-01-03T09:52:15","modified_gmt":"2022-01-03T09:52:15","slug":"startseite-3","status":"publish","type":"page","link":"https:\/\/ulrich-wegst.de\/","title":{"rendered":"Ulrich Wegst"},"content":{"rendered":"\t\t<div data-elementor-type=\"wp-page\" data-elementor-id=\"32\" class=\"elementor elementor-32\">\n\t\t\t\t\t\t\t\t\t<section class=\"elementor-section elementor-top-section elementor-element elementor-element-185f023c elementor-section-height-min-height elementor-section-full_width elementor-section-stretched homeBanner elementor-section-height-default elementor-section-items-middle\" data-id=\"185f023c\" data-element_type=\"section\" data-settings=\"{&quot;stretch_section&quot;:&quot;section-stretched&quot;,&quot;background_background&quot;:&quot;classic&quot;}\">\n\t\t\t\t\t\t<div class=\"elementor-container elementor-column-gap-no\">\n\t\t\t\t\t<div class=\"elementor-column elementor-col-100 elementor-top-column elementor-element elementor-element-75416146\" data-id=\"75416146\" data-element_type=\"column\" id=\"heroBannerWrapper\" data-settings=\"{&quot;background_background&quot;:&quot;classic&quot;}\">\n\t\t\t<div class=\"elementor-widget-wrap elementor-element-populated\">\n\t\t\t\t\t\t\t\t<section class=\"elementor-section elementor-inner-section elementor-element elementor-element-221993d3 elementor-section-full_width elementor-section-height-min-height elementor-section-height-default\" data-id=\"221993d3\" data-element_type=\"section\" id=\"HeroBannerUser\" data-settings=\"{&quot;background_background&quot;:&quot;classic&quot;}\">\n\t\t\t\t\t\t\t<div class=\"elementor-background-overlay\"><\/div>\n\t\t\t\t\t\t\t<div class=\"elementor-container elementor-column-gap-default\">\n\t\t\t\t\t<div class=\"elementor-column elementor-col-33 elementor-inner-column elementor-element elementor-element-486d8cfd\" data-id=\"486d8cfd\" data-element_type=\"column\" id=\"heroPersonName\" data-settings=\"{&quot;background_background&quot;:&quot;classic&quot;}\">\n\t\t\t<div class=\"elementor-widget-wrap elementor-element-populated\">\n\t\t\t\t\t<div class=\"elementor-background-overlay\"><\/div>\n\t\t\t\t\t\t\t\t<div class=\"elementor-element elementor-element-644135db elementor-widget elementor-widget-text-editor\" data-id=\"644135db\" data-element_type=\"widget\" data-widget_type=\"text-editor.default\">\n\t\t\t\t<div class=\"elementor-widget-container\">\n\t\t\t\t\t\t\t<p><strong>Ulrich Wegst<\/strong><\/p>\t\t\t\t\t\t<\/div>\n\t\t\t\t<\/div>\n\t\t\t\t\t<\/div>\n\t\t<\/div>\n\t\t\t\t<div class=\"elementor-column elementor-col-33 elementor-inner-column elementor-element elementor-element-3954f191\" data-id=\"3954f191\" data-element_type=\"column\" id=\"bannerImgPerson\" data-settings=\"{&quot;background_background&quot;:&quot;classic&quot;}\">\n\t\t\t<div class=\"elementor-widget-wrap\">\n\t\t\t\t\t<div class=\"elementor-background-overlay\"><\/div>\n\t\t\t\t\t\t\t\t\t<\/div>\n\t\t<\/div>\n\t\t\t\t<div class=\"elementor-column elementor-col-33 elementor-inner-column elementor-element elementor-element-6fdcf524\" data-id=\"6fdcf524\" data-element_type=\"column\" id=\"heroLastColumn\" data-settings=\"{&quot;background_background&quot;:&quot;classic&quot;}\">\n\t\t\t<div class=\"elementor-widget-wrap\">\n\t\t\t\t\t<div class=\"elementor-background-overlay\"><\/div>\n\t\t\t\t\t\t\t\t\t<\/div>\n\t\t<\/div>\n\t\t\t\t\t\t\t<\/div>\n\t\t<\/section>\n\t\t\t\t<section class=\"elementor-section elementor-inner-section elementor-element elementor-element-44cd6a39 elementor-section-full_width elementor-section-height-min-height elementor-section-height-default\" data-id=\"44cd6a39\" data-element_type=\"section\" id=\"wollenMainSection\" data-settings=\"{&quot;background_background&quot;:&quot;classic&quot;}\">\n\t\t\t\t\t\t\t<div class=\"elementor-background-overlay\"><\/div>\n\t\t\t\t\t\t\t<div class=\"elementor-container elementor-column-gap-default\">\n\t\t\t\t\t<div class=\"elementor-column elementor-col-100 elementor-inner-column elementor-element elementor-element-28e242e3\" data-id=\"28e242e3\" data-element_type=\"column\" id=\"columnContentSection\" data-settings=\"{&quot;background_background&quot;:&quot;classic&quot;}\">\n\t\t\t<div class=\"elementor-widget-wrap elementor-element-populated\">\n\t\t\t\t\t\t\t\t<div class=\"elementor-element elementor-element-25468e5 elementor-widget__width-initial elementor-widget-mobile__width-initial elementor-widget elementor-widget-text-editor\" data-id=\"25468e5\" data-element_type=\"widget\" id=\"wollenContent\" data-widget_type=\"text-editor.default\">\n\t\t\t\t<div class=\"elementor-widget-container\">\n\t\t\t\t\t\t\t<p style=\"text-align: center;padding-top:30px\">Man kann auf vieles verzichten aber nicht darauf, dieses Buch zu lesen.<\/p>\t\t\t\t\t\t<\/div>\n\t\t\t\t<\/div>\n\t\t\t\t\t<\/div>\n\t\t<\/div>\n\t\t\t\t\t\t\t<\/div>\n\t\t<\/section>\n\t\t\t\t\t<\/div>\n\t\t<\/div>\n\t\t\t\t\t\t\t<\/div>\n\t\t<\/section>\n\t\t\t\t<section class=\"elementor-section elementor-top-section elementor-element elementor-element-8c7a0d5 elementor-section-boxed elementor-section-height-default elementor-section-height-default\" data-id=\"8c7a0d5\" data-element_type=\"section\">\n\t\t\t\t\t\t<div class=\"elementor-container elementor-column-gap-default\">\n\t\t\t\t\t<div class=\"elementor-column elementor-col-100 elementor-top-column elementor-element elementor-element-4e4f888e\" data-id=\"4e4f888e\" data-element_type=\"column\">\n\t\t\t<div class=\"elementor-widget-wrap elementor-element-populated\">\n\t\t\t\t\t\t\t\t<div class=\"elementor-element elementor-element-11c1ab54 elementor-widget elementor-widget-spacer\" data-id=\"11c1ab54\" data-element_type=\"widget\" data-widget_type=\"spacer.default\">\n\t\t\t\t<div class=\"elementor-widget-container\">\n\t\t\t\t\t<div class=\"elementor-spacer\">\n\t\t\t<div class=\"elementor-spacer-inner\"><\/div>\n\t\t<\/div>\n\t\t\t\t<\/div>\n\t\t\t\t<\/div>\n\t\t\t\t\t<\/div>\n\t\t<\/div>\n\t\t\t\t\t\t\t<\/div>\n\t\t<\/section>\n\t\t\t\t<section class=\"elementor-section elementor-top-section elementor-element elementor-element-361ed3e3 elementor-section-boxed elementor-section-height-default elementor-section-height-default\" data-id=\"361ed3e3\" data-element_type=\"section\">\n\t\t\t\t\t\t<div class=\"elementor-container elementor-column-gap-default\">\n\t\t\t\t\t<div class=\"elementor-column elementor-col-100 elementor-top-column elementor-element elementor-element-5f19139c\" data-id=\"5f19139c\" data-element_type=\"column\">\n\t\t\t<div class=\"elementor-widget-wrap elementor-element-populated\">\n\t\t\t\t\t\t\t\t<div class=\"elementor-element elementor-element-4658fa51 elementor-widget elementor-widget-spacer\" data-id=\"4658fa51\" data-element_type=\"widget\" data-widget_type=\"spacer.default\">\n\t\t\t\t<div class=\"elementor-widget-container\">\n\t\t\t\t\t<div class=\"elementor-spacer\">\n\t\t\t<div class=\"elementor-spacer-inner\"><\/div>\n\t\t<\/div>\n\t\t\t\t<\/div>\n\t\t\t\t<\/div>\n\t\t\t\t\t<\/div>\n\t\t<\/div>\n\t\t\t\t\t\t\t<\/div>\n\t\t<\/section>\n\t\t\t\t<section class=\"elementor-section elementor-top-section elementor-element elementor-element-3a71652f elementor-section-boxed elementor-section-height-default elementor-section-height-default\" data-id=\"3a71652f\" data-element_type=\"section\">\n\t\t\t\t\t\t<div class=\"elementor-container elementor-column-gap-default\">\n\t\t\t\t\t<div class=\"elementor-column elementor-col-100 elementor-top-column elementor-element elementor-element-37e1cbad\" data-id=\"37e1cbad\" data-element_type=\"column\" data-settings=\"{&quot;background_background&quot;:&quot;classic&quot;}\">\n\t\t\t<div class=\"elementor-widget-wrap elementor-element-populated\">\n\t\t\t\t\t\t\t\t<div class=\"elementor-element elementor-element-4c69b85a elementor-widget elementor-widget-image\" data-id=\"4c69b85a\" data-element_type=\"widget\" data-widget_type=\"image.default\">\n\t\t\t\t<div class=\"elementor-widget-container\">\n\t\t\t\t\t\t\t\t\t\t\t\t\t\t\t<img decoding=\"async\" loading=\"lazy\" width=\"350\" height=\"495\" src=\"https:\/\/ulrich-wegst.de\/wp-content\/uploads\/2021\/02\/Cover.jpg\" class=\"attachment-full size-full wp-image-1529\" alt=\"\" srcset=\"https:\/\/ulrich-wegst.de\/wp-content\/uploads\/2021\/02\/Cover.jpg 350w, https:\/\/ulrich-wegst.de\/wp-content\/uploads\/2021\/02\/Cover-212x300.jpg 212w\" sizes=\"(max-width: 350px) 100vw, 350px\" \/>\t\t\t\t\t\t\t\t\t\t\t\t\t\t\t<\/div>\n\t\t\t\t<\/div>\n\t\t\t\t\t<\/div>\n\t\t<\/div>\n\t\t\t\t\t\t\t<\/div>\n\t\t<\/section>\n\t\t\t\t<section class=\"elementor-section elementor-top-section elementor-element elementor-element-4d36c86e elementor-section-boxed elementor-section-height-default elementor-section-height-default\" data-id=\"4d36c86e\" data-element_type=\"section\">\n\t\t\t\t\t\t<div class=\"elementor-container elementor-column-gap-default\">\n\t\t\t\t\t<div class=\"elementor-column elementor-col-100 elementor-top-column elementor-element elementor-element-11be321f\" data-id=\"11be321f\" data-element_type=\"column\">\n\t\t\t<div class=\"elementor-widget-wrap elementor-element-populated\">\n\t\t\t\t\t\t\t\t<div class=\"elementor-element elementor-element-808b9f3 elementor-widget elementor-widget-spacer\" data-id=\"808b9f3\" data-element_type=\"widget\" data-widget_type=\"spacer.default\">\n\t\t\t\t<div class=\"elementor-widget-container\">\n\t\t\t\t\t<div class=\"elementor-spacer\">\n\t\t\t<div class=\"elementor-spacer-inner\"><\/div>\n\t\t<\/div>\n\t\t\t\t<\/div>\n\t\t\t\t<\/div>\n\t\t\t\t\t<\/div>\n\t\t<\/div>\n\t\t\t\t\t\t\t<\/div>\n\t\t<\/section>\n\t\t\t\t<section class=\"elementor-section elementor-top-section elementor-element elementor-element-10f12681 elementor-section-boxed elementor-section-height-default elementor-section-height-default\" data-id=\"10f12681\" data-element_type=\"section\">\n\t\t\t\t\t\t<div class=\"elementor-container elementor-column-gap-default\">\n\t\t\t\t\t<div class=\"elementor-column elementor-col-100 elementor-top-column elementor-element elementor-element-a88af9f\" data-id=\"a88af9f\" data-element_type=\"column\">\n\t\t\t<div class=\"elementor-widget-wrap elementor-element-populated\">\n\t\t\t\t\t\t\t\t<div class=\"elementor-element elementor-element-406c888c elementor-widget elementor-widget-text-editor\" data-id=\"406c888c\" data-element_type=\"widget\" data-widget_type=\"text-editor.default\">\n\t\t\t\t<div class=\"elementor-widget-container\">\n\t\t\t\t\t\t\t<p>Verzicht ist in etwa so beliebt wie Zahnschmerzen. Niemand mag ihn, schon gar nicht, wenn man Politiker und \u00d6konomen fragt. Aber werden wir ohne ihn auskommen? Klimaschutz, Schonung von Umwelt und Ressourcen, Zusammenhalt der Gesellschaft, gute Gesundheitspolitik: f\u00fcr all diese Ziele bietet sich Verzicht als eines der wirkungsvollsten Instrumente an \u2013 oft sogar das einzige. In diesem Buch werden die wichtigsten Themenfelder beleuchtet und f\u00fchren im Ergebnis zu dieser These: \u201eVerzicht wird zur wichtigsten Kulturtechnik des 21. Jahrhunderts.\u201c. Wie aber soll das gehen, in einer Demokratie? L\u00e4sst sich Verzicht \u00fcberhaupt durchsetzen, wenn man daf\u00fcr Mehrheiten ben\u00f6tigt? Die Antwort lautet \u201eJa\u201c. An zahlreichen Beispielen wird belegt, dass wir auch jetzt schon manchen Verzicht \u00fcben \u2013 v\u00f6llig unaufgeregt. Meist stellt sich heraus: bedrohlich und als Zumutung erscheint das Thema nur, solange man theoretisch dar\u00fcber diskutiert. In der Praxis stellt sich oft schnell Gew\u00f6hnung ein. Was anfangs als Verzicht wahrgenommen wurde f\u00e4llt sp\u00e4ter gar nicht mehr auf. Das stimmt vers\u00f6hnlich: alles halb so schlimm, sobald man einmal damit begonnen hat.<\/p><p>\u00a0<\/p>\t\t\t\t\t\t<\/div>\n\t\t\t\t<\/div>\n\t\t\t\t\t<\/div>\n\t\t<\/div>\n\t\t\t\t\t\t\t<\/div>\n\t\t<\/section>\n\t\t\t\t<section class=\"elementor-section elementor-top-section elementor-element elementor-element-72e74aba elementor-section-boxed elementor-section-height-default elementor-section-height-default\" data-id=\"72e74aba\" data-element_type=\"section\">\n\t\t\t\t\t\t<div class=\"elementor-container elementor-column-gap-default\">\n\t\t\t\t\t<div class=\"elementor-column elementor-col-100 elementor-top-column elementor-element elementor-element-2e0a6cf\" data-id=\"2e0a6cf\" data-element_type=\"column\">\n\t\t\t<div class=\"elementor-widget-wrap elementor-element-populated\">\n\t\t\t\t\t\t\t\t<div class=\"elementor-element elementor-element-629f5b68 elementor-widget elementor-widget-text-editor\" data-id=\"629f5b68\" data-element_type=\"widget\" data-widget_type=\"text-editor.default\">\n\t\t\t\t<div class=\"elementor-widget-container\">\n\t\t\t\t\t\t\t<p>Details zum Buch:<\/p><p><strong>&#8222;Keine Angst vorm Verzicht &#8211; Ein Pl\u00e4doyer f\u00fcr die wichtigste Kulturtechnik des 21. Jahrhunderts&#8220;<\/strong><\/p><p>ISBN (Print): 978-3-96317-240-3<\/p><p>ISBN (ePUB): 978-3-96317-787-3<\/p><p>ISBN (ePDF): 978-3-96317-778-1<\/p><p>Verlag: <a href=\"https:\/\/www.buechner-verlag.de\/\">B\u00fcchner<\/a><\/p><p>Preis:<\/p><p>18,00 \u20ac (Print)<\/p><p>13,99 \u20ac (ePUB und ePDF)<\/p><p>bestellen <a href=\"https:\/\/www.buechner-verlag.de\/buch\/keine-angst-vorm-verzicht-ein-plaedoyer\/\">beim Verlag<\/a><\/p><p>Falls Sie interessiert sind, m\u00fcssen Sie nicht die Katze im Sack kaufen.\u00a0<a href=\"https:\/\/ulrich-wegst.de\/?page_id=21\">Hier<\/a>\u00a0geht es zu einer Leseprobe.<\/p>\t\t\t\t\t\t<\/div>\n\t\t\t\t<\/div>\n\t\t\t\t\t<\/div>\n\t\t<\/div>\n\t\t\t\t\t\t\t<\/div>\n\t\t<\/section>\n\t\t\t\t\t\t\t<\/div>\n\t\t","protected":false},"excerpt":{"rendered":"<p>Ulrich Wegst Man kann auf vieles verzichten aber nicht darauf, dieses Buch zu lesen. Verzicht ist in etwa so beliebt wie Zahnschmerzen. Niemand mag ihn, schon gar nicht, wenn man Politiker und \u00d6konomen fragt. Aber werden wir ohne ihn auskommen? Klimaschutz, Schonung von Umwelt und Ressourcen, Zusammenhalt der Gesellschaft, gute Gesundheitspolitik: f\u00fcr all diese Ziele [&hellip;]<\/p>\n","protected":false},"author":1,"featured_media":0,"parent":0,"menu_order":10,"comment_status":"closed","ping_status":"closed","template":"","meta":{"footnotes":"","twitterCardType":"","cardImageID":0,"cardImage":"","cardTitle":"","cardDesc":"","cardImageAlt":"","cardPlayer":"","cardPlayerWidth":0,"cardPlayerHeight":0,"cardPlayerStream":"","cardPlayerCodec":""},"yoast_head":"<!-- This site is optimized with the Yoast SEO plugin v22.6 - https:\/\/yoast.com\/wordpress\/plugins\/seo\/ -->\n<title>Ulrich Wegst -<\/title>\n<meta name=\"description\" content=\"Wollen Sie mehr \u00fcber Ulrich Wegst erfahren, den Autor des Buches \u201eKeine Angst vorm Verzicht\u201c? Hier stellt er sich und das Buch vor.\" \/>\n<meta name=\"robots\" content=\"index, follow, max-snippet:-1, max-image-preview:large, max-video-preview:-1\" \/>\n<link rel=\"canonical\" href=\"https:\/\/ulrich-wegst.de\/\" \/>\n<meta property=\"og:locale\" content=\"de_DE\" \/>\n<meta property=\"og:type\" content=\"article\" \/>\n<meta property=\"og:title\" content=\"Ulrich Wegst -\" \/>\n<meta property=\"og:description\" content=\"Wollen Sie mehr \u00fcber Ulrich Wegst erfahren, den Autor des Buches \u201eKeine Angst vorm Verzicht\u201c? Hier stellt er sich und das Buch vor.\" \/>\n<meta property=\"og:url\" content=\"https:\/\/ulrich-wegst.de\/\" \/>\n<meta property=\"article:modified_time\" content=\"2022-01-03T09:52:15+00:00\" \/>\n<meta property=\"og:image\" content=\"https:\/\/ulrich-wegst.de\/wp-content\/uploads\/2021\/02\/Cover.jpg\" \/>\n<meta name=\"twitter:card\" content=\"summary_large_image\" \/>\n<meta name=\"twitter:label1\" content=\"Gesch\u00e4tzte Lesezeit\" \/>\n\t<meta name=\"twitter:data1\" content=\"2\u00a0Minuten\" \/>\n<script type=\"application\/ld+json\" class=\"yoast-schema-graph\">{\"@context\":\"https:\/\/schema.org\",\"@graph\":[{\"@type\":\"WebPage\",\"@id\":\"https:\/\/ulrich-wegst.de\/\",\"url\":\"https:\/\/ulrich-wegst.de\/\",\"name\":\"Ulrich Wegst -\",\"isPartOf\":{\"@id\":\"https:\/\/ulrich-wegst.de\/#website\"},\"primaryImageOfPage\":{\"@id\":\"https:\/\/ulrich-wegst.de\/#primaryimage\"},\"image\":{\"@id\":\"https:\/\/ulrich-wegst.de\/#primaryimage\"},\"thumbnailUrl\":\"https:\/\/ulrich-wegst.de\/wp-content\/uploads\/2021\/02\/Cover.jpg\",\"datePublished\":\"2020-07-05T13:17:41+00:00\",\"dateModified\":\"2022-01-03T09:52:15+00:00\",\"description\":\"Wollen Sie mehr \u00fcber Ulrich Wegst erfahren, den Autor des Buches \u201eKeine Angst vorm Verzicht\u201c? Hier stellt er sich und das Buch vor.\",\"breadcrumb\":{\"@id\":\"https:\/\/ulrich-wegst.de\/#breadcrumb\"},\"inLanguage\":\"de\",\"potentialAction\":[{\"@type\":\"ReadAction\",\"target\":[\"https:\/\/ulrich-wegst.de\/\"]}]},{\"@type\":\"ImageObject\",\"inLanguage\":\"de\",\"@id\":\"https:\/\/ulrich-wegst.de\/#primaryimage\",\"url\":\"https:\/\/ulrich-wegst.de\/wp-content\/uploads\/2021\/02\/Cover.jpg\",\"contentUrl\":\"https:\/\/ulrich-wegst.de\/wp-content\/uploads\/2021\/02\/Cover.jpg\",\"width\":350,\"height\":495},{\"@type\":\"BreadcrumbList\",\"@id\":\"https:\/\/ulrich-wegst.de\/#breadcrumb\",\"itemListElement\":[{\"@type\":\"ListItem\",\"position\":1,\"name\":\"Startseite\",\"item\":\"https:\/\/ulrich-wegst.de\/\"},{\"@type\":\"ListItem\",\"position\":2,\"name\":\"Ulrich Wegst\"}]},{\"@type\":\"WebSite\",\"@id\":\"https:\/\/ulrich-wegst.de\/#website\",\"url\":\"https:\/\/ulrich-wegst.de\/\",\"name\":\"\",\"description\":\"\",\"potentialAction\":[{\"@type\":\"SearchAction\",\"target\":{\"@type\":\"EntryPoint\",\"urlTemplate\":\"https:\/\/ulrich-wegst.de\/?s={search_term_string}\"},\"query-input\":\"required name=search_term_string\"}],\"inLanguage\":\"de\"}]}<\/script>\n<!-- \/ Yoast SEO plugin. -->","yoast_head_json":{"title":"Ulrich Wegst -","description":"Wollen Sie mehr \u00fcber Ulrich Wegst erfahren, den Autor des Buches \u201eKeine Angst vorm Verzicht\u201c? Hier stellt er sich und das Buch vor.","robots":{"index":"index","follow":"follow","max-snippet":"max-snippet:-1","max-image-preview":"max-image-preview:large","max-video-preview":"max-video-preview:-1"},"canonical":"https:\/\/ulrich-wegst.de\/","og_locale":"de_DE","og_type":"article","og_title":"Ulrich Wegst -","og_description":"Wollen Sie mehr \u00fcber Ulrich Wegst erfahren, den Autor des Buches \u201eKeine Angst vorm Verzicht\u201c? Hier stellt er sich und das Buch vor.","og_url":"https:\/\/ulrich-wegst.de\/","article_modified_time":"2022-01-03T09:52:15+00:00","og_image":[{"url":"https:\/\/ulrich-wegst.de\/wp-content\/uploads\/2021\/02\/Cover.jpg"}],"twitter_card":"summary_large_image","twitter_misc":{"Gesch\u00e4tzte Lesezeit":"2\u00a0Minuten"},"schema":{"@context":"https:\/\/schema.org","@graph":[{"@type":"WebPage","@id":"https:\/\/ulrich-wegst.de\/","url":"https:\/\/ulrich-wegst.de\/","name":"Ulrich Wegst -","isPartOf":{"@id":"https:\/\/ulrich-wegst.de\/#website"},"primaryImageOfPage":{"@id":"https:\/\/ulrich-wegst.de\/#primaryimage"},"image":{"@id":"https:\/\/ulrich-wegst.de\/#primaryimage"},"thumbnailUrl":"https:\/\/ulrich-wegst.de\/wp-content\/uploads\/2021\/02\/Cover.jpg","datePublished":"2020-07-05T13:17:41+00:00","dateModified":"2022-01-03T09:52:15+00:00","description":"Wollen Sie mehr \u00fcber Ulrich Wegst erfahren, den Autor des Buches \u201eKeine Angst vorm Verzicht\u201c? Hier stellt er sich und das Buch vor.","breadcrumb":{"@id":"https:\/\/ulrich-wegst.de\/#breadcrumb"},"inLanguage":"de","potentialAction":[{"@type":"ReadAction","target":["https:\/\/ulrich-wegst.de\/"]}]},{"@type":"ImageObject","inLanguage":"de","@id":"https:\/\/ulrich-wegst.de\/#primaryimage","url":"https:\/\/ulrich-wegst.de\/wp-content\/uploads\/2021\/02\/Cover.jpg","contentUrl":"https:\/\/ulrich-wegst.de\/wp-content\/uploads\/2021\/02\/Cover.jpg","width":350,"height":495},{"@type":"BreadcrumbList","@id":"https:\/\/ulrich-wegst.de\/#breadcrumb","itemListElement":[{"@type":"ListItem","position":1,"name":"Startseite","item":"https:\/\/ulrich-wegst.de\/"},{"@type":"ListItem","position":2,"name":"Ulrich Wegst"}]},{"@type":"WebSite","@id":"https:\/\/ulrich-wegst.de\/#website","url":"https:\/\/ulrich-wegst.de\/","name":"","description":"","potentialAction":[{"@type":"SearchAction","target":{"@type":"EntryPoint","urlTemplate":"https:\/\/ulrich-wegst.de\/?s={search_term_string}"},"query-input":"required name=search_term_string"}],"inLanguage":"de"}]}},"_links":{"self":[{"href":"https:\/\/ulrich-wegst.de\/index.php?rest_route=\/wp\/v2\/pages\/32"}],"collection":[{"href":"https:\/\/ulrich-wegst.de\/index.php?rest_route=\/wp\/v2\/pages"}],"about":[{"href":"https:\/\/ulrich-wegst.de\/index.php?rest_route=\/wp\/v2\/types\/page"}],"author":[{"embeddable":true,"href":"https:\/\/ulrich-wegst.de\/index.php?rest_route=\/wp\/v2\/users\/1"}],"replies":[{"embeddable":true,"href":"https:\/\/ulrich-wegst.de\/index.php?rest_route=%2Fwp%2Fv2%2Fcomments&post=32"}],"version-history":[{"count":848,"href":"https:\/\/ulrich-wegst.de\/index.php?rest_route=\/wp\/v2\/pages\/32\/revisions"}],"predecessor-version":[{"id":1775,"href":"https:\/\/ulrich-wegst.de\/index.php?rest_route=\/wp\/v2\/pages\/32\/revisions\/1775"}],"wp:attachment":[{"href":"https:\/\/ulrich-wegst.de\/index.php?rest_route=%2Fwp%2Fv2%2Fmedia&parent=32"}],"curies":[{"name":"wp","href":"https:\/\/api.w.org\/{rel}","templated":true}]}}